{"id":1151,"date":"2022-05-12T14:04:51","date_gmt":"2022-05-12T11:04:51","guid":{"rendered":"https:\/\/pakarisenlomamokit.com\/?page_id=1151"},"modified":"2025-04-08T12:38:56","modified_gmt":"2025-04-08T09:38:56","slug":"hinnasto","status":"publish","type":"page","link":"https:\/\/pakarisenlomamokit.com\/?page_id=1151","title":{"rendered":"Hinnasto"},"content":{"rendered":"\t\t<div data-elementor-type=\"wp-page\" data-elementor-id=\"1151\" class=\"elementor elementor-1151\">\n\t\t\t\t\t\t<section class=\"elementor-section elementor-top-section elementor-element elementor-element-a034f41 elementor-section-stretched elementor-section-full_width elementor-section-height-default elementor-section-height-default\" data-id=\"a034f41\" data-element_type=\"section\" data-e-type=\"section\" data-settings=\"{&quot;stretch_section&quot;:&quot;section-stretched&quot;,&quot;hoteller_ext_is_background_parallax&quot;:&quot;false&quot;,&quot;hoteller_ext_is_background_on_scroll&quot;:&quot;false&quot;}\">\n\t\t\t\t\t\t<div class=\"elementor-container elementor-column-gap-default\">\n\t\t\t\t\t<div class=\"elementor-column elementor-col-100 elementor-top-column elementor-element elementor-element-6e29921\" data-id=\"6e29921\" data-element_type=\"column\" data-e-type=\"column\" data-settings=\"{&quot;hoteller_ext_link_sidemenu&quot;:&quot;false&quot;,&quot;hoteller_ext_link_fullmenu&quot;:&quot;false&quot;,&quot;hoteller_ext_link_closed_fullmenu&quot;:&quot;false&quot;,&quot;hoteller_ext_is_scrollme&quot;:&quot;false&quot;,&quot;hoteller_ext_is_smoove&quot;:&quot;false&quot;,&quot;hoteller_ext_is_parallax_mouse&quot;:&quot;false&quot;,&quot;hoteller_ext_is_infinite&quot;:&quot;false&quot;,&quot;hoteller_ext_is_fadeout_animation&quot;:&quot;false&quot;,&quot;hoteller_ext_mobile_static&quot;:&quot;false&quot;}\">\n\t\t\t<div class=\"elementor-widget-wrap elementor-element-populated\">\n\t\t\t\t\t\t<div class=\"elementor-element elementor-element-8c53ac0 elementor-widget__width-auto elementor-widget-divider--view-line elementor-widget elementor-widget-divider\" data-id=\"8c53ac0\" data-element_type=\"widget\" data-e-type=\"widget\" data-settings=\"{&quot;hoteller_ext_is_smoove&quot;:&quot;true&quot;,&quot;hoteller_ext_smoove_scalex&quot;:{&quot;unit&quot;:&quot;px&quot;,&quot;size&quot;:0.5,&quot;sizes&quot;:[]},&quot;hoteller_ext_smoove_scaley&quot;:{&quot;unit&quot;:&quot;px&quot;,&quot;size&quot;:0.9,&quot;sizes&quot;:[]},&quot;hoteller_ext_link_sidemenu&quot;:&quot;false&quot;,&quot;hoteller_ext_link_fullmenu&quot;:&quot;false&quot;,&quot;hoteller_ext_link_closed_fullmenu&quot;:&quot;false&quot;,&quot;hoteller_ext_is_scrollme&quot;:&quot;false&quot;,&quot;hoteller_ext_smoove_disable&quot;:1,&quot;hoteller_ext_smoove_duration&quot;:400,&quot;hoteller_ext_smoove_rotatex&quot;:{&quot;unit&quot;:&quot;px&quot;,&quot;size&quot;:0,&quot;sizes&quot;:[]},&quot;hoteller_ext_smoove_rotatey&quot;:{&quot;unit&quot;:&quot;px&quot;,&quot;size&quot;:0,&quot;sizes&quot;:[]},&quot;hoteller_ext_smoove_rotatez&quot;:{&quot;unit&quot;:&quot;px&quot;,&quot;size&quot;:0,&quot;sizes&quot;:[]},&quot;hoteller_ext_smoove_translatex&quot;:{&quot;unit&quot;:&quot;px&quot;,&quot;size&quot;:0,&quot;sizes&quot;:[]},&quot;hoteller_ext_smoove_translatey&quot;:{&quot;unit&quot;:&quot;px&quot;,&quot;size&quot;:0,&quot;sizes&quot;:[]},&quot;hoteller_ext_smoove_translatez&quot;:{&quot;unit&quot;:&quot;px&quot;,&quot;size&quot;:0,&quot;sizes&quot;:[]},&quot;hoteller_ext_smoove_skewx&quot;:{&quot;unit&quot;:&quot;px&quot;,&quot;size&quot;:0,&quot;sizes&quot;:[]},&quot;hoteller_ext_smoove_skewy&quot;:{&quot;unit&quot;:&quot;px&quot;,&quot;size&quot;:0,&quot;sizes&quot;:[]},&quot;hoteller_ext_smoove_perspective&quot;:{&quot;unit&quot;:&quot;px&quot;,&quot;size&quot;:1000,&quot;sizes&quot;:[]},&quot;hoteller_ext_is_parallax_mouse&quot;:&quot;false&quot;,&quot;hoteller_ext_is_infinite&quot;:&quot;false&quot;,&quot;hoteller_ext_is_fadeout_animation&quot;:&quot;false&quot;,&quot;hoteller_ext_mobile_static&quot;:&quot;false&quot;}\" data-widget_type=\"divider.default\">\n\t\t\t\t<div class=\"elementor-widget-container\">\n\t\t\t\t\t\t\t<div class=\"elementor-divider\">\n\t\t\t<span class=\"elementor-divider-separator\">\n\t\t\t\t\t\t<\/span>\n\t\t<\/div>\n\t\t\t\t\t\t<\/div>\n\t\t\t\t<\/div>\n\t\t\t\t<div class=\"elementor-element elementor-element-a8f7fb7 elementor-widget__width-auto elementor-invisible elementor-widget elementor-widget-heading\" data-id=\"a8f7fb7\" data-element_type=\"widget\" data-e-type=\"widget\" data-settings=\"{&quot;_animation&quot;:&quot;fadeInUp&quot;,&quot;_animation_delay&quot;:100,&quot;hoteller_ext_link_sidemenu&quot;:&quot;false&quot;,&quot;hoteller_ext_link_fullmenu&quot;:&quot;false&quot;,&quot;hoteller_ext_link_closed_fullmenu&quot;:&quot;false&quot;,&quot;hoteller_ext_is_scrollme&quot;:&quot;false&quot;,&quot;hoteller_ext_is_smoove&quot;:&quot;false&quot;,&quot;hoteller_ext_is_parallax_mouse&quot;:&quot;false&quot;,&quot;hoteller_ext_is_infinite&quot;:&quot;false&quot;,&quot;hoteller_ext_is_fadeout_animation&quot;:&quot;false&quot;,&quot;hoteller_ext_mobile_static&quot;:&quot;false&quot;}\" data-widget_type=\"heading.default\">\n\t\t\t\t<div class=\"elementor-widget-container\">\n\t\t\t\t\t<span class=\"elementor-heading-title elementor-size-xxl\">Hinnasto<\/span>\t\t\t\t<\/div>\n\t\t\t\t<\/div>\n\t\t\t\t\t<\/div>\n\t\t<\/div>\n\t\t\t\t\t<\/div>\n\t\t<\/section>\n\t\t\t\t<section class=\"elementor-section elementor-top-section elementor-element elementor-element-3c8dd76 elementor-section-boxed elementor-section-height-default elementor-section-height-default\" data-id=\"3c8dd76\" data-element_type=\"section\" data-e-type=\"section\" data-settings=\"{&quot;hoteller_ext_is_background_parallax&quot;:&quot;false&quot;,&quot;hoteller_ext_is_background_on_scroll&quot;:&quot;false&quot;}\">\n\t\t\t\t\t\t<div class=\"elementor-container elementor-column-gap-default\">\n\t\t\t\t\t<div class=\"elementor-column elementor-col-100 elementor-top-column elementor-element elementor-element-5c3bf73\" data-id=\"5c3bf73\" data-element_type=\"column\" data-e-type=\"column\" data-settings=\"{&quot;hoteller_ext_link_sidemenu&quot;:&quot;false&quot;,&quot;hoteller_ext_link_fullmenu&quot;:&quot;false&quot;,&quot;hoteller_ext_link_closed_fullmenu&quot;:&quot;false&quot;,&quot;hoteller_ext_is_scrollme&quot;:&quot;false&quot;,&quot;hoteller_ext_is_smoove&quot;:&quot;false&quot;,&quot;hoteller_ext_is_parallax_mouse&quot;:&quot;false&quot;,&quot;hoteller_ext_is_infinite&quot;:&quot;false&quot;,&quot;hoteller_ext_is_fadeout_animation&quot;:&quot;false&quot;,&quot;hoteller_ext_mobile_static&quot;:&quot;false&quot;}\">\n\t\t\t<div class=\"elementor-widget-wrap elementor-element-populated\">\n\t\t\t\t\t\t<div class=\"elementor-element elementor-element-5a17444 elementor-tabs-view-horizontal elementor-widget elementor-widget-tabs\" data-id=\"5a17444\" data-element_type=\"widget\" data-e-type=\"widget\" data-settings=\"{&quot;hoteller_ext_link_sidemenu&quot;:&quot;false&quot;,&quot;hoteller_ext_link_fullmenu&quot;:&quot;false&quot;,&quot;hoteller_ext_link_closed_fullmenu&quot;:&quot;false&quot;,&quot;hoteller_ext_is_scrollme&quot;:&quot;false&quot;,&quot;hoteller_ext_is_smoove&quot;:&quot;false&quot;,&quot;hoteller_ext_is_parallax_mouse&quot;:&quot;false&quot;,&quot;hoteller_ext_is_infinite&quot;:&quot;false&quot;,&quot;hoteller_ext_is_fadeout_animation&quot;:&quot;false&quot;,&quot;hoteller_ext_mobile_static&quot;:&quot;false&quot;}\" data-widget_type=\"tabs.default\">\n\t\t\t\t<div class=\"elementor-widget-container\">\n\t\t\t\t\t\t\t<div class=\"elementor-tabs\">\n\t\t\t<div class=\"elementor-tabs-wrapper\" role=\"tablist\" >\n\t\t\t\t\t\t\t\t\t<div id=\"elementor-tab-title-9441\" class=\"elementor-tab-title elementor-tab-desktop-title\" aria-selected=\"true\" data-tab=\"1\" role=\"tab\" tabindex=\"0\" aria-controls=\"elementor-tab-content-9441\" aria-expanded=\"false\">M\u00f6kki 1<\/div>\n\t\t\t\t\t\t\t\t\t<div id=\"elementor-tab-title-9442\" class=\"elementor-tab-title elementor-tab-desktop-title\" aria-selected=\"false\" data-tab=\"2\" role=\"tab\" tabindex=\"-1\" aria-controls=\"elementor-tab-content-9442\" aria-expanded=\"false\">M\u00f6kki 2<\/div>\n\t\t\t\t\t\t\t\t\t<div id=\"elementor-tab-title-9443\" class=\"elementor-tab-title elementor-tab-desktop-title\" aria-selected=\"false\" data-tab=\"3\" role=\"tab\" tabindex=\"-1\" aria-controls=\"elementor-tab-content-9443\" aria-expanded=\"false\">M\u00f6kki 3<\/div>\n\t\t\t\t\t\t\t\t\t<div id=\"elementor-tab-title-9444\" class=\"elementor-tab-title elementor-tab-desktop-title\" aria-selected=\"false\" data-tab=\"4\" role=\"tab\" tabindex=\"-1\" aria-controls=\"elementor-tab-content-9444\" aria-expanded=\"false\">M\u00f6kki 4<\/div>\n\t\t\t\t\t\t\t\t\t<div id=\"elementor-tab-title-9445\" class=\"elementor-tab-title elementor-tab-desktop-title\" aria-selected=\"false\" data-tab=\"5\" role=\"tab\" tabindex=\"-1\" aria-controls=\"elementor-tab-content-9445\" aria-expanded=\"false\">M\u00f6kki 5<\/div>\n\t\t\t\t\t\t\t\t\t<div id=\"elementor-tab-title-9446\" class=\"elementor-tab-title elementor-tab-desktop-title\" aria-selected=\"false\" data-tab=\"6\" role=\"tab\" tabindex=\"-1\" aria-controls=\"elementor-tab-content-9446\" aria-expanded=\"false\">M\u00f6kki 6<\/div>\n\t\t\t\t\t\t\t\t\t<div id=\"elementor-tab-title-9447\" class=\"elementor-tab-title elementor-tab-desktop-title\" aria-selected=\"false\" data-tab=\"7\" role=\"tab\" tabindex=\"-1\" aria-controls=\"elementor-tab-content-9447\" aria-expanded=\"false\">M\u00f6kki 7<\/div>\n\t\t\t\t\t\t\t<\/div>\n\t\t\t<div class=\"elementor-tabs-content-wrapper\" role=\"tablist\" aria-orientation=\"vertical\">\n\t\t\t\t\t\t\t\t\t<div class=\"elementor-tab-title elementor-tab-mobile-title\" aria-selected=\"true\" data-tab=\"1\" role=\"tab\" tabindex=\"0\" aria-controls=\"elementor-tab-content-9441\" aria-expanded=\"false\">M\u00f6kki 1<\/div>\n\t\t\t\t\t<div id=\"elementor-tab-content-9441\" class=\"elementor-tab-content elementor-clearfix\" data-tab=\"1\" role=\"tabpanel\" aria-labelledby=\"elementor-tab-title-9441\" tabindex=\"0\" hidden=\"false\"><p>Kausi A, 18.6 &#8211; 20.8 + Juhlapyh\u00e4t sek\u00e4 hiihtolomat<\/p><p>60\u20ac \/ vrk<\/p><p>380\u20ac \/ vko<\/p><p>Kausi B, Muuna aikana<\/p><p>55\u20ac \/ vrk<\/p><p>330\u20ac \/ vko<\/p><p>Huom! Vain kes\u00e4k\u00e4yt\u00f6ss\u00e4!<\/p><\/div>\n\t\t\t\t\t\t\t\t\t<div class=\"elementor-tab-title elementor-tab-mobile-title\" aria-selected=\"false\" data-tab=\"2\" role=\"tab\" tabindex=\"-1\" aria-controls=\"elementor-tab-content-9442\" aria-expanded=\"false\">M\u00f6kki 2<\/div>\n\t\t\t\t\t<div id=\"elementor-tab-content-9442\" class=\"elementor-tab-content elementor-clearfix\" data-tab=\"2\" role=\"tabpanel\" aria-labelledby=\"elementor-tab-title-9442\" tabindex=\"0\" hidden=\"hidden\"><p>Kausi A, 18.6 &#8211; 20.8 + Juhlapyh\u00e4t sek\u00e4 hiihtolomat<\/p><p>55\u20ac \/ vrk<\/p><p>330\u20ac \/ vko<\/p><p>Kausi B, Muuna aikana<\/p><p>50\u20ac \/ vrk<\/p><p>280\u20ac \/ vko<\/p><p>Huom! Vain kes\u00e4k\u00e4yt\u00f6ss\u00e4!<\/p><\/div>\n\t\t\t\t\t\t\t\t\t<div class=\"elementor-tab-title elementor-tab-mobile-title\" aria-selected=\"false\" data-tab=\"3\" role=\"tab\" tabindex=\"-1\" aria-controls=\"elementor-tab-content-9443\" aria-expanded=\"false\">M\u00f6kki 3<\/div>\n\t\t\t\t\t<div id=\"elementor-tab-content-9443\" class=\"elementor-tab-content elementor-clearfix\" data-tab=\"3\" role=\"tabpanel\" aria-labelledby=\"elementor-tab-title-9443\" tabindex=\"0\" hidden=\"hidden\"><p>Kausi A, 18.6 &#8211; 20.8 + Juhlapyh\u00e4t sek\u00e4 hiihtolomat<\/p><p>70\u20ac \/ vrk<\/p><p>400\u20ac \/ vko<\/p><p>Kausi B, Muuna aikana<\/p><p>65\u20ac \/ vrk<\/p><p>350\u20ac \/ vko<\/p><\/div>\n\t\t\t\t\t\t\t\t\t<div class=\"elementor-tab-title elementor-tab-mobile-title\" aria-selected=\"false\" data-tab=\"4\" role=\"tab\" tabindex=\"-1\" aria-controls=\"elementor-tab-content-9444\" aria-expanded=\"false\">M\u00f6kki 4<\/div>\n\t\t\t\t\t<div id=\"elementor-tab-content-9444\" class=\"elementor-tab-content elementor-clearfix\" data-tab=\"4\" role=\"tabpanel\" aria-labelledby=\"elementor-tab-title-9444\" tabindex=\"0\" hidden=\"hidden\"><p>Kausi A, 18.6 &#8211; 20.8 + Juhlapyh\u00e4t sek\u00e4 hiihtolomat<\/p><p>55\u20ac \/ vrk<\/p><p>330\u20ac \/ vko<\/p><p>Kausi B, Muuna aikana<\/p><p>50\u20ac \/ vrk<\/p><p>280\u20ac \/ vko<\/p><p>Huom! Vain kes\u00e4k\u00e4yt\u00f6ss\u00e4!<\/p><\/div>\n\t\t\t\t\t\t\t\t\t<div class=\"elementor-tab-title elementor-tab-mobile-title\" aria-selected=\"false\" data-tab=\"5\" role=\"tab\" tabindex=\"-1\" aria-controls=\"elementor-tab-content-9445\" aria-expanded=\"false\">M\u00f6kki 5<\/div>\n\t\t\t\t\t<div id=\"elementor-tab-content-9445\" class=\"elementor-tab-content elementor-clearfix\" data-tab=\"5\" role=\"tabpanel\" aria-labelledby=\"elementor-tab-title-9445\" tabindex=\"0\" hidden=\"hidden\"><p>Kausi A, 18.6 &#8211; 20.8 + Juhlapyh\u00e4t sek\u00e4 hiihtolomat<\/p><p>85\u20ac \/ vrk<\/p><p>510\u20ac \/ vko<\/p><p>Kausi B, Muuna aikana<\/p><p>80\u20ac \/ vrk<\/p><p>420\u20ac \/ vko<\/p><\/div>\n\t\t\t\t\t\t\t\t\t<div class=\"elementor-tab-title elementor-tab-mobile-title\" aria-selected=\"false\" data-tab=\"6\" role=\"tab\" tabindex=\"-1\" aria-controls=\"elementor-tab-content-9446\" aria-expanded=\"false\">M\u00f6kki 6<\/div>\n\t\t\t\t\t<div id=\"elementor-tab-content-9446\" class=\"elementor-tab-content elementor-clearfix\" data-tab=\"6\" role=\"tabpanel\" aria-labelledby=\"elementor-tab-title-9446\" tabindex=\"0\" hidden=\"hidden\"><p>Kausi A, 18.6 &#8211; 20.8 + Juhlapyh\u00e4t sek\u00e4 hiihtolomat<\/p><p>75\u20ac \/ vrk<\/p><p>450\u20ac \/ vko<\/p><p>Kausi B, Muuna aikana<\/p><p>70\u20ac \/ vrk<\/p><p>370\u20ac \/ vko<\/p><\/div>\n\t\t\t\t\t\t\t\t\t<div class=\"elementor-tab-title elementor-tab-mobile-title\" aria-selected=\"false\" data-tab=\"7\" role=\"tab\" tabindex=\"-1\" aria-controls=\"elementor-tab-content-9447\" aria-expanded=\"false\">M\u00f6kki 7<\/div>\n\t\t\t\t\t<div id=\"elementor-tab-content-9447\" class=\"elementor-tab-content elementor-clearfix\" data-tab=\"7\" role=\"tabpanel\" aria-labelledby=\"elementor-tab-title-9447\" tabindex=\"0\" hidden=\"hidden\"><p>Kausi A, 18.6 &#8211; 20.8 + Juhlapyh\u00e4t sek\u00e4 hiihtolomat<\/p><p>130\u20ac \/ vrk<\/p><p>720\u20ac \/ vko<\/p><p>Kausi B, Muuna aikana<\/p><p>110\u20ac \/ vrk<\/p><p>560\u20ac \/ vko<\/p><\/div>\n\t\t\t\t\t\t\t<\/div>\n\t\t<\/div>\n\t\t\t\t\t\t<\/div>\n\t\t\t\t<\/div>\n\t\t\t\t\t<\/div>\n\t\t<\/div>\n\t\t\t\t\t<\/div>\n\t\t<\/section>\n\t\t\t\t<section class=\"elementor-section elementor-top-section elementor-element elementor-element-2acd13c elementor-section-boxed elementor-section-height-default elementor-section-height-default\" data-id=\"2acd13c\" data-element_type=\"section\" data-e-type=\"section\" data-settings=\"{&quot;hoteller_ext_is_background_parallax&quot;:&quot;false&quot;,&quot;hoteller_ext_is_background_on_scroll&quot;:&quot;false&quot;}\">\n\t\t\t\t\t\t<div class=\"elementor-container elementor-column-gap-default\">\n\t\t\t\t\t<div class=\"elementor-column elementor-col-33 elementor-top-column elementor-element elementor-element-b15fe31\" data-id=\"b15fe31\" data-element_type=\"column\" data-e-type=\"column\" data-settings=\"{&quot;hoteller_ext_link_sidemenu&quot;:&quot;false&quot;,&quot;hoteller_ext_link_fullmenu&quot;:&quot;false&quot;,&quot;hoteller_ext_link_closed_fullmenu&quot;:&quot;false&quot;,&quot;hoteller_ext_is_scrollme&quot;:&quot;false&quot;,&quot;hoteller_ext_is_smoove&quot;:&quot;false&quot;,&quot;hoteller_ext_is_parallax_mouse&quot;:&quot;false&quot;,&quot;hoteller_ext_is_infinite&quot;:&quot;false&quot;,&quot;hoteller_ext_is_fadeout_animation&quot;:&quot;false&quot;,&quot;hoteller_ext_mobile_static&quot;:&quot;false&quot;}\">\n\t\t\t<div class=\"elementor-widget-wrap\">\n\t\t\t\t\t\t\t<\/div>\n\t\t<\/div>\n\t\t\t\t<div class=\"elementor-column elementor-col-33 elementor-top-column elementor-element elementor-element-cfa232a\" data-id=\"cfa232a\" data-element_type=\"column\" data-e-type=\"column\" data-settings=\"{&quot;hoteller_ext_link_sidemenu&quot;:&quot;false&quot;,&quot;hoteller_ext_link_fullmenu&quot;:&quot;false&quot;,&quot;hoteller_ext_link_closed_fullmenu&quot;:&quot;false&quot;,&quot;hoteller_ext_is_scrollme&quot;:&quot;false&quot;,&quot;hoteller_ext_is_smoove&quot;:&quot;false&quot;,&quot;hoteller_ext_is_parallax_mouse&quot;:&quot;false&quot;,&quot;hoteller_ext_is_infinite&quot;:&quot;false&quot;,&quot;hoteller_ext_is_fadeout_animation&quot;:&quot;false&quot;,&quot;hoteller_ext_mobile_static&quot;:&quot;false&quot;}\">\n\t\t\t<div class=\"elementor-widget-wrap elementor-element-populated\">\n\t\t\t\t\t\t<div class=\"elementor-element elementor-element-db0d7e5 elementor-widget elementor-widget-text-editor\" data-id=\"db0d7e5\" data-element_type=\"widget\" data-e-type=\"widget\" data-settings=\"{&quot;hoteller_ext_link_sidemenu&quot;:&quot;false&quot;,&quot;hoteller_ext_link_fullmenu&quot;:&quot;false&quot;,&quot;hoteller_ext_link_closed_fullmenu&quot;:&quot;false&quot;,&quot;hoteller_ext_is_scrollme&quot;:&quot;false&quot;,&quot;hoteller_ext_is_smoove&quot;:&quot;false&quot;,&quot;hoteller_ext_is_parallax_mouse&quot;:&quot;false&quot;,&quot;hoteller_ext_is_infinite&quot;:&quot;false&quot;,&quot;hoteller_ext_is_fadeout_animation&quot;:&quot;false&quot;,&quot;hoteller_ext_mobile_static&quot;:&quot;false&quot;}\" data-widget_type=\"text-editor.default\">\n\t\t\t\t<div class=\"elementor-widget-container\">\n\t\t\t\t\t\t\t\t\t<p><b><span data-contrast=\"auto\">Hinnat sis.alv.14 %<\/span><\/b><span data-ccp-props=\"{&quot;201341983&quot;:0,&quot;335559739&quot;:160,&quot;335559740&quot;:259}\">\u00a0<\/span><\/p><p><b><span data-contrast=\"auto\">Liinavaatteet 10 \u20ac\/vaihtokerta\/henkil\u00f6, loppusiivous 50-90\u20ac<\/span><\/b><span data-ccp-props=\"{&quot;201341983&quot;:0,&quot;335559739&quot;:160,&quot;335559740&quot;:259}\">\u00a0<\/span><\/p><p><b><span data-contrast=\"auto\">Oikeus hinnanmuutoksiin pid\u00e4tet\u00e4\u00e4n.<\/span><\/b><span data-ccp-props=\"{&quot;201341983&quot;:0,&quot;335559739&quot;:160,&quot;335559740&quot;:259}\">\u00a0<\/span><\/p>\t\t\t\t\t\t\t\t<\/div>\n\t\t\t\t<\/div>\n\t\t\t\t\t<\/div>\n\t\t<\/div>\n\t\t\t\t<div class=\"elementor-column elementor-col-33 elementor-top-column elementor-element elementor-element-04b284f\" data-id=\"04b284f\" data-element_type=\"column\" data-e-type=\"column\" data-settings=\"{&quot;hoteller_ext_link_sidemenu&quot;:&quot;false&quot;,&quot;hoteller_ext_link_fullmenu&quot;:&quot;false&quot;,&quot;hoteller_ext_link_closed_fullmenu&quot;:&quot;false&quot;,&quot;hoteller_ext_is_scrollme&quot;:&quot;false&quot;,&quot;hoteller_ext_is_smoove&quot;:&quot;false&quot;,&quot;hoteller_ext_is_parallax_mouse&quot;:&quot;false&quot;,&quot;hoteller_ext_is_infinite&quot;:&quot;false&quot;,&quot;hoteller_ext_is_fadeout_animation&quot;:&quot;false&quot;,&quot;hoteller_ext_mobile_static&quot;:&quot;false&quot;}\">\n\t\t\t<div class=\"elementor-widget-wrap\">\n\t\t\t\t\t\t\t<\/div>\n\t\t<\/div>\n\t\t\t\t\t<\/div>\n\t\t<\/section>\n\t\t\t\t<\/div>\n\t\t","protected":false},"excerpt":{"rendered":"<p>Hinnasto M\u00f6kki 1 M\u00f6kki 2 M\u00f6kki 3 M\u00f6kki 4 M\u00f6kki 5 M\u00f6kki 6 M\u00f6kki 7 M\u00f6kki 1 Kausi A, 18.6 &#8211; 20.8 + Juhlapyh\u00e4t sek\u00e4 hiihtolomat 60\u20ac \/ vrk 380\u20ac \/ vko Kausi B, Muuna aikana 55\u20ac \/ vrk 330\u20ac [&hellip;]<\/p>\n","protected":false},"author":1,"featured_media":0,"parent":0,"menu_order":0,"comment_status":"closed","ping_status":"closed","template":"","meta":{"footnotes":""},"class_list":["post-1151","page","type-page","status-publish","hentry"],"yoast_head":"<!-- This site is optimized with the Yoast SEO plugin v27.4 - https:\/\/yoast.com\/product\/yoast-seo-wordpress\/ -->\n<title>Hinnasto - Pakarisen lomam&ouml;kit<\/title>\n<meta name=\"robots\" content=\"index, follow, max-snippet:-1, max-image-preview:large, max-video-preview:-1\" \/>\n<link rel=\"canonical\" href=\"https:\/\/pakarisenlomamokit.com\/?page_id=1151\" \/>\n<meta property=\"og:locale\" content=\"fi_FI\" \/>\n<meta property=\"og:type\" content=\"article\" \/>\n<meta property=\"og:title\" content=\"Hinnasto - Pakarisen lomam&ouml;kit\" \/>\n<meta property=\"og:description\" content=\"Hinnasto M\u00f6kki 1 M\u00f6kki 2 M\u00f6kki 3 M\u00f6kki 4 M\u00f6kki 5 M\u00f6kki 6 M\u00f6kki 7 M\u00f6kki 1 Kausi A, 18.6 &#8211; 20.8 + Juhlapyh\u00e4t sek\u00e4 hiihtolomat 60\u20ac \/ vrk 380\u20ac \/ vko Kausi B, Muuna aikana 55\u20ac \/ vrk 330\u20ac [&hellip;]\" \/>\n<meta property=\"og:url\" content=\"https:\/\/pakarisenlomamokit.com\/?page_id=1151\" \/>\n<meta property=\"og:site_name\" content=\"Pakarisen lomam&ouml;kit\" \/>\n<meta property=\"article:modified_time\" content=\"2025-04-08T09:38:56+00:00\" \/>\n<meta name=\"twitter:card\" content=\"summary_large_image\" \/>\n<meta name=\"twitter:label1\" content=\"Arvioitu lukuaika\" \/>\n\t<meta name=\"twitter:data1\" content=\"2 minuuttia\" \/>\n<script type=\"application\/ld+json\" class=\"yoast-schema-graph\">{\"@context\":\"https:\\\/\\\/schema.org\",\"@graph\":[{\"@type\":\"WebPage\",\"@id\":\"https:\\\/\\\/pakarisenlomamokit.com\\\/?page_id=1151\",\"url\":\"https:\\\/\\\/pakarisenlomamokit.com\\\/?page_id=1151\",\"name\":\"Hinnasto - Pakarisen lomam&ouml;kit\",\"isPartOf\":{\"@id\":\"https:\\\/\\\/pakarisenlomamokit.com\\\/#website\"},\"datePublished\":\"2022-05-12T11:04:51+00:00\",\"dateModified\":\"2025-04-08T09:38:56+00:00\",\"breadcrumb\":{\"@id\":\"https:\\\/\\\/pakarisenlomamokit.com\\\/?page_id=1151#breadcrumb\"},\"inLanguage\":\"fi\",\"potentialAction\":[{\"@type\":\"ReadAction\",\"target\":[\"https:\\\/\\\/pakarisenlomamokit.com\\\/?page_id=1151\"]}]},{\"@type\":\"BreadcrumbList\",\"@id\":\"https:\\\/\\\/pakarisenlomamokit.com\\\/?page_id=1151#breadcrumb\",\"itemListElement\":[{\"@type\":\"ListItem\",\"position\":1,\"name\":\"Etusivu\",\"item\":\"https:\\\/\\\/pakarisenlomamokit.com\\\/\"},{\"@type\":\"ListItem\",\"position\":2,\"name\":\"Hinnasto\"}]},{\"@type\":\"WebSite\",\"@id\":\"https:\\\/\\\/pakarisenlomamokit.com\\\/#website\",\"url\":\"https:\\\/\\\/pakarisenlomamokit.com\\\/\",\"name\":\"Pakarisen lomam&ouml;kit\",\"description\":\"M&ouml;kkej&auml; Saimaan rannalla\",\"potentialAction\":[{\"@type\":\"SearchAction\",\"target\":{\"@type\":\"EntryPoint\",\"urlTemplate\":\"https:\\\/\\\/pakarisenlomamokit.com\\\/?s={search_term_string}\"},\"query-input\":{\"@type\":\"PropertyValueSpecification\",\"valueRequired\":true,\"valueName\":\"search_term_string\"}}],\"inLanguage\":\"fi\"}]}<\/script>\n<!-- \/ Yoast SEO plugin. -->","yoast_head_json":{"title":"Hinnasto - Pakarisen lomam&ouml;kit","robots":{"index":"index","follow":"follow","max-snippet":"max-snippet:-1","max-image-preview":"max-image-preview:large","max-video-preview":"max-video-preview:-1"},"canonical":"https:\/\/pakarisenlomamokit.com\/?page_id=1151","og_locale":"fi_FI","og_type":"article","og_title":"Hinnasto - Pakarisen lomam&ouml;kit","og_description":"Hinnasto M\u00f6kki 1 M\u00f6kki 2 M\u00f6kki 3 M\u00f6kki 4 M\u00f6kki 5 M\u00f6kki 6 M\u00f6kki 7 M\u00f6kki 1 Kausi A, 18.6 &#8211; 20.8 + Juhlapyh\u00e4t sek\u00e4 hiihtolomat 60\u20ac \/ vrk 380\u20ac \/ vko Kausi B, Muuna aikana 55\u20ac \/ vrk 330\u20ac [&hellip;]","og_url":"https:\/\/pakarisenlomamokit.com\/?page_id=1151","og_site_name":"Pakarisen lomam&ouml;kit","article_modified_time":"2025-04-08T09:38:56+00:00","twitter_card":"summary_large_image","twitter_misc":{"Arvioitu lukuaika":"2 minuuttia"},"schema":{"@context":"https:\/\/schema.org","@graph":[{"@type":"WebPage","@id":"https:\/\/pakarisenlomamokit.com\/?page_id=1151","url":"https:\/\/pakarisenlomamokit.com\/?page_id=1151","name":"Hinnasto - Pakarisen lomam&ouml;kit","isPartOf":{"@id":"https:\/\/pakarisenlomamokit.com\/#website"},"datePublished":"2022-05-12T11:04:51+00:00","dateModified":"2025-04-08T09:38:56+00:00","breadcrumb":{"@id":"https:\/\/pakarisenlomamokit.com\/?page_id=1151#breadcrumb"},"inLanguage":"fi","potentialAction":[{"@type":"ReadAction","target":["https:\/\/pakarisenlomamokit.com\/?page_id=1151"]}]},{"@type":"BreadcrumbList","@id":"https:\/\/pakarisenlomamokit.com\/?page_id=1151#breadcrumb","itemListElement":[{"@type":"ListItem","position":1,"name":"Etusivu","item":"https:\/\/pakarisenlomamokit.com\/"},{"@type":"ListItem","position":2,"name":"Hinnasto"}]},{"@type":"WebSite","@id":"https:\/\/pakarisenlomamokit.com\/#website","url":"https:\/\/pakarisenlomamokit.com\/","name":"Pakarisen lomam&ouml;kit","description":"M&ouml;kkej&auml; Saimaan rannalla","potentialAction":[{"@type":"SearchAction","target":{"@type":"EntryPoint","urlTemplate":"https:\/\/pakarisenlomamokit.com\/?s={search_term_string}"},"query-input":{"@type":"PropertyValueSpecification","valueRequired":true,"valueName":"search_term_string"}}],"inLanguage":"fi"}]}},"lang":"fi","translations":{"fi":1151,"en":1206},"pll_sync_post":[],"_links":{"self":[{"href":"https:\/\/pakarisenlomamokit.com\/index.php?rest_route=\/wp\/v2\/pages\/1151","targetHints":{"allow":["GET"]}}],"collection":[{"href":"https:\/\/pakarisenlomamokit.com\/index.php?rest_route=\/wp\/v2\/pages"}],"about":[{"href":"https:\/\/pakarisenlomamokit.com\/index.php?rest_route=\/wp\/v2\/types\/page"}],"author":[{"embeddable":true,"href":"https:\/\/pakarisenlomamokit.com\/index.php?rest_route=\/wp\/v2\/users\/1"}],"replies":[{"embeddable":true,"href":"https:\/\/pakarisenlomamokit.com\/index.php?rest_route=%2Fwp%2Fv2%2Fcomments&post=1151"}],"version-history":[{"count":8,"href":"https:\/\/pakarisenlomamokit.com\/index.php?rest_route=\/wp\/v2\/pages\/1151\/revisions"}],"predecessor-version":[{"id":2180,"href":"https:\/\/pakarisenlomamokit.com\/index.php?rest_route=\/wp\/v2\/pages\/1151\/revisions\/2180"}],"wp:attachment":[{"href":"https:\/\/pakarisenlomamokit.com\/index.php?rest_route=%2Fwp%2Fv2%2Fmedia&parent=1151"}],"curies":[{"name":"wp","href":"https:\/\/api.w.org\/{rel}","templated":true}]}}