{"id":831,"date":"2020-08-27T04:01:20","date_gmt":"2020-08-27T04:01:20","guid":{"rendered":"http:\/\/themes.themegoods.com\/hoteller\/sites2\/lodge\/?page_id=831"},"modified":"2022-05-12T17:51:05","modified_gmt":"2022-05-12T14:51:05","slug":"ota-yhteytta","status":"publish","type":"page","link":"https:\/\/pakarisenlomamokit.com\/?page_id=831","title":{"rendered":"Ota yhteytt\u00e4"},"content":{"rendered":"\t\t<div data-elementor-type=\"wp-page\" data-elementor-id=\"831\" class=\"elementor elementor-831\">\n\t\t\t\t\t\t<section class=\"elementor-section elementor-top-section elementor-element elementor-element-a034f41 elementor-section-stretched elementor-section-full_width elementor-section-height-default elementor-section-height-default\" data-id=\"a034f41\" data-element_type=\"section\" data-e-type=\"section\" data-settings=\"{&quot;stretch_section&quot;:&quot;section-stretched&quot;,&quot;hoteller_ext_is_background_parallax&quot;:&quot;false&quot;,&quot;hoteller_ext_is_background_on_scroll&quot;:&quot;false&quot;}\">\n\t\t\t\t\t\t<div class=\"elementor-container elementor-column-gap-default\">\n\t\t\t\t\t<div class=\"elementor-column elementor-col-100 elementor-top-column elementor-element elementor-element-6e29921\" data-id=\"6e29921\" data-element_type=\"column\" data-e-type=\"column\" data-settings=\"{&quot;hoteller_ext_link_sidemenu&quot;:&quot;false&quot;,&quot;hoteller_ext_link_fullmenu&quot;:&quot;false&quot;,&quot;hoteller_ext_link_closed_fullmenu&quot;:&quot;false&quot;,&quot;hoteller_ext_is_scrollme&quot;:&quot;false&quot;,&quot;hoteller_ext_is_smoove&quot;:&quot;false&quot;,&quot;hoteller_ext_is_parallax_mouse&quot;:&quot;false&quot;,&quot;hoteller_ext_is_infinite&quot;:&quot;false&quot;,&quot;hoteller_ext_is_fadeout_animation&quot;:&quot;false&quot;,&quot;hoteller_ext_mobile_static&quot;:&quot;false&quot;}\">\n\t\t\t<div class=\"elementor-widget-wrap elementor-element-populated\">\n\t\t\t\t\t\t<div class=\"elementor-element elementor-element-8c53ac0 elementor-widget__width-auto elementor-widget-divider--view-line elementor-widget elementor-widget-divider\" data-id=\"8c53ac0\" data-element_type=\"widget\" data-e-type=\"widget\" data-settings=\"{&quot;hoteller_ext_is_smoove&quot;:&quot;true&quot;,&quot;hoteller_ext_smoove_scalex&quot;:{&quot;unit&quot;:&quot;px&quot;,&quot;size&quot;:0.5,&quot;sizes&quot;:[]},&quot;hoteller_ext_smoove_scaley&quot;:{&quot;unit&quot;:&quot;px&quot;,&quot;size&quot;:0.9,&quot;sizes&quot;:[]},&quot;hoteller_ext_link_sidemenu&quot;:&quot;false&quot;,&quot;hoteller_ext_link_fullmenu&quot;:&quot;false&quot;,&quot;hoteller_ext_link_closed_fullmenu&quot;:&quot;false&quot;,&quot;hoteller_ext_is_scrollme&quot;:&quot;false&quot;,&quot;hoteller_ext_smoove_disable&quot;:1,&quot;hoteller_ext_smoove_duration&quot;:400,&quot;hoteller_ext_smoove_rotatex&quot;:{&quot;unit&quot;:&quot;px&quot;,&quot;size&quot;:0,&quot;sizes&quot;:[]},&quot;hoteller_ext_smoove_rotatey&quot;:{&quot;unit&quot;:&quot;px&quot;,&quot;size&quot;:0,&quot;sizes&quot;:[]},&quot;hoteller_ext_smoove_rotatez&quot;:{&quot;unit&quot;:&quot;px&quot;,&quot;size&quot;:0,&quot;sizes&quot;:[]},&quot;hoteller_ext_smoove_translatex&quot;:{&quot;unit&quot;:&quot;px&quot;,&quot;size&quot;:0,&quot;sizes&quot;:[]},&quot;hoteller_ext_smoove_translatey&quot;:{&quot;unit&quot;:&quot;px&quot;,&quot;size&quot;:0,&quot;sizes&quot;:[]},&quot;hoteller_ext_smoove_translatez&quot;:{&quot;unit&quot;:&quot;px&quot;,&quot;size&quot;:0,&quot;sizes&quot;:[]},&quot;hoteller_ext_smoove_skewx&quot;:{&quot;unit&quot;:&quot;px&quot;,&quot;size&quot;:0,&quot;sizes&quot;:[]},&quot;hoteller_ext_smoove_skewy&quot;:{&quot;unit&quot;:&quot;px&quot;,&quot;size&quot;:0,&quot;sizes&quot;:[]},&quot;hoteller_ext_smoove_perspective&quot;:{&quot;unit&quot;:&quot;px&quot;,&quot;size&quot;:1000,&quot;sizes&quot;:[]},&quot;hoteller_ext_is_parallax_mouse&quot;:&quot;false&quot;,&quot;hoteller_ext_is_infinite&quot;:&quot;false&quot;,&quot;hoteller_ext_is_fadeout_animation&quot;:&quot;false&quot;,&quot;hoteller_ext_mobile_static&quot;:&quot;false&quot;}\" data-widget_type=\"divider.default\">\n\t\t\t\t<div class=\"elementor-widget-container\">\n\t\t\t\t\t\t\t<div class=\"elementor-divider\">\n\t\t\t<span class=\"elementor-divider-separator\">\n\t\t\t\t\t\t<\/span>\n\t\t<\/div>\n\t\t\t\t\t\t<\/div>\n\t\t\t\t<\/div>\n\t\t\t\t<div class=\"elementor-element elementor-element-a8f7fb7 elementor-widget__width-auto elementor-invisible elementor-widget elementor-widget-heading\" data-id=\"a8f7fb7\" data-element_type=\"widget\" data-e-type=\"widget\" data-settings=\"{&quot;_animation&quot;:&quot;fadeInUp&quot;,&quot;_animation_delay&quot;:100,&quot;hoteller_ext_link_sidemenu&quot;:&quot;false&quot;,&quot;hoteller_ext_link_fullmenu&quot;:&quot;false&quot;,&quot;hoteller_ext_link_closed_fullmenu&quot;:&quot;false&quot;,&quot;hoteller_ext_is_scrollme&quot;:&quot;false&quot;,&quot;hoteller_ext_is_smoove&quot;:&quot;false&quot;,&quot;hoteller_ext_is_parallax_mouse&quot;:&quot;false&quot;,&quot;hoteller_ext_is_infinite&quot;:&quot;false&quot;,&quot;hoteller_ext_is_fadeout_animation&quot;:&quot;false&quot;,&quot;hoteller_ext_mobile_static&quot;:&quot;false&quot;}\" data-widget_type=\"heading.default\">\n\t\t\t\t<div class=\"elementor-widget-container\">\n\t\t\t\t\t<span class=\"elementor-heading-title elementor-size-xxl\">Ota yhteytt\u00e4<\/span>\t\t\t\t<\/div>\n\t\t\t\t<\/div>\n\t\t\t\t<div class=\"elementor-element elementor-element-942e78c elementor-widget-tablet__width-inherit elementor-widget-mobile__width-initial elementor-invisible elementor-widget elementor-widget-text-editor\" data-id=\"942e78c\" data-element_type=\"widget\" data-e-type=\"widget\" data-settings=\"{&quot;_animation&quot;:&quot;fadeInUp&quot;,&quot;_animation_delay&quot;:200,&quot;hoteller_ext_link_sidemenu&quot;:&quot;false&quot;,&quot;hoteller_ext_link_fullmenu&quot;:&quot;false&quot;,&quot;hoteller_ext_link_closed_fullmenu&quot;:&quot;false&quot;,&quot;hoteller_ext_is_scrollme&quot;:&quot;false&quot;,&quot;hoteller_ext_is_smoove&quot;:&quot;false&quot;,&quot;hoteller_ext_is_parallax_mouse&quot;:&quot;false&quot;,&quot;hoteller_ext_is_infinite&quot;:&quot;false&quot;,&quot;hoteller_ext_is_fadeout_animation&quot;:&quot;false&quot;,&quot;hoteller_ext_mobile_static&quot;:&quot;false&quot;}\" data-widget_type=\"text-editor.default\">\n\t\t\t\t<div class=\"elementor-widget-container\">\n\t\t\t\t\t\t\t\t\t<p><span data-contrast=\"auto\">Pakarisen Lomam\u00f6kit<\/span><span data-ccp-props=\"{&quot;201341983&quot;:0,&quot;335559739&quot;:160,&quot;335559740&quot;:259}\">\u00a0<\/span><\/p><p><span data-contrast=\"auto\">Leivolantie 481<\/span><span data-ccp-props=\"{&quot;201341983&quot;:0,&quot;335559739&quot;:160,&quot;335559740&quot;:259}\">\u00a0<\/span><\/p><p><span data-contrast=\"auto\">58360 S\u00e4imen<\/span><span data-ccp-props=\"{&quot;201341983&quot;:0,&quot;335559739&quot;:160,&quot;335559740&quot;:259}\">\u00a0<\/span><\/p><p><span data-contrast=\"auto\">M\u00f6kkien 1-4 ja 7 varaukset numerosta 0500 222086, erkkipakarinen@luukku.com<\/span><span data-ccp-props=\"{&quot;201341983&quot;:0,&quot;335559739&quot;:160,&quot;335559740&quot;:259}\">\u00a0<\/span><\/p><p><span data-contrast=\"auto\">M\u00f6kkien 5 ja 6 varaukset numerosta 050 3367069, <\/span><a href=\"mailto:pakarik@gmail.com\"><span data-contrast=\"none\">pakarik@gmail.com<\/span><\/a><span data-ccp-props=\"{&quot;201341983&quot;:0,&quot;335559739&quot;:160,&quot;335559740&quot;:259}\">\u00a0<\/span><\/p>\t\t\t\t\t\t\t\t<\/div>\n\t\t\t\t<\/div>\n\t\t\t\t<div class=\"elementor-element elementor-element-e6dd9c3 elementor-widget elementor-widget-image\" data-id=\"e6dd9c3\" data-element_type=\"widget\" data-e-type=\"widget\" data-settings=\"{&quot;hoteller_image_is_animation&quot;:&quot;false&quot;,&quot;hoteller_ext_link_sidemenu&quot;:&quot;false&quot;,&quot;hoteller_ext_link_fullmenu&quot;:&quot;false&quot;,&quot;hoteller_ext_link_closed_fullmenu&quot;:&quot;false&quot;,&quot;hoteller_ext_is_scrollme&quot;:&quot;false&quot;,&quot;hoteller_ext_is_smoove&quot;:&quot;false&quot;,&quot;hoteller_ext_is_parallax_mouse&quot;:&quot;false&quot;,&quot;hoteller_ext_is_infinite&quot;:&quot;false&quot;,&quot;hoteller_ext_is_fadeout_animation&quot;:&quot;false&quot;,&quot;hoteller_ext_mobile_static&quot;:&quot;false&quot;}\" data-widget_type=\"image.default\">\n\t\t\t\t<div class=\"elementor-widget-container\">\n\t\t\t\t\t\t\t\t\t\t\t\t\t\t\t<img fetchpriority=\"high\" decoding=\"async\" width=\"388\" height=\"453\" src=\"https:\/\/pakarisenlomamokit.com\/wp-content\/uploads\/2022\/05\/AJO-OHJE.gif\" class=\"attachment-large size-large wp-image-1316\" alt=\"\" \/>\t\t\t\t\t\t\t\t\t\t\t\t\t\t\t<\/div>\n\t\t\t\t<\/div>\n\t\t\t\t\t<\/div>\n\t\t<\/div>\n\t\t\t\t\t<\/div>\n\t\t<\/section>\n\t\t\t\t<\/div>\n\t\t","protected":false},"excerpt":{"rendered":"<p>Ota yhteytt\u00e4 Pakarisen Lomam\u00f6kit\u00a0 Leivolantie 481\u00a0 58360 S\u00e4imen\u00a0 M\u00f6kkien 1-4 ja 7 varaukset numerosta 0500 222086, erkkipakarinen@luukku.com\u00a0 M\u00f6kkien 5 ja 6 varaukset numerosta 050 3367069, pakarik@gmail.com\u00a0<\/p>\n","protected":false},"author":1,"featured_media":0,"parent":0,"menu_order":0,"comment_status":"closed","ping_status":"closed","template":"","meta":{"footnotes":""},"class_list":["post-831","page","type-page","status-publish","hentry"],"yoast_head":"<!-- This site is optimized with the Yoast SEO plugin v27.4 - https:\/\/yoast.com\/product\/yoast-seo-wordpress\/ -->\n<title>Ota yhteytt\u00e4 - Pakarisen lomam&ouml;kit<\/title>\n<meta name=\"robots\" content=\"index, follow, max-snippet:-1, max-image-preview:large, max-video-preview:-1\" \/>\n<link rel=\"canonical\" href=\"https:\/\/pakarisenlomamokit.com\/?page_id=831\" \/>\n<meta property=\"og:locale\" content=\"fi_FI\" \/>\n<meta property=\"og:type\" content=\"article\" \/>\n<meta property=\"og:title\" content=\"Ota yhteytt\u00e4 - Pakarisen lomam&ouml;kit\" \/>\n<meta property=\"og:description\" content=\"Ota yhteytt\u00e4 Pakarisen Lomam\u00f6kit\u00a0 Leivolantie 481\u00a0 58360 S\u00e4imen\u00a0 M\u00f6kkien 1-4 ja 7 varaukset numerosta 0500 222086, erkkipakarinen@luukku.com\u00a0 M\u00f6kkien 5 ja 6 varaukset numerosta 050 3367069, pakarik@gmail.com\u00a0\" \/>\n<meta property=\"og:url\" content=\"https:\/\/pakarisenlomamokit.com\/?page_id=831\" \/>\n<meta property=\"og:site_name\" content=\"Pakarisen lomam&ouml;kit\" \/>\n<meta property=\"article:modified_time\" content=\"2022-05-12T14:51:05+00:00\" \/>\n<meta property=\"og:image\" content=\"http:\/\/pakarisenlomamokit.com\/wp-content\/uploads\/2022\/05\/AJO-OHJE.gif\" \/>\n<meta name=\"twitter:card\" content=\"summary_large_image\" \/>\n<meta name=\"twitter:label1\" content=\"Arvioitu lukuaika\" \/>\n\t<meta name=\"twitter:data1\" content=\"1 minuutti\" \/>\n<script type=\"application\/ld+json\" class=\"yoast-schema-graph\">{\"@context\":\"https:\\\/\\\/schema.org\",\"@graph\":[{\"@type\":\"WebPage\",\"@id\":\"https:\\\/\\\/pakarisenlomamokit.com\\\/?page_id=831\",\"url\":\"https:\\\/\\\/pakarisenlomamokit.com\\\/?page_id=831\",\"name\":\"Ota yhteytt\u00e4 - Pakarisen lomam&ouml;kit\",\"isPartOf\":{\"@id\":\"https:\\\/\\\/pakarisenlomamokit.com\\\/#website\"},\"primaryImageOfPage\":{\"@id\":\"https:\\\/\\\/pakarisenlomamokit.com\\\/?page_id=831#primaryimage\"},\"image\":{\"@id\":\"https:\\\/\\\/pakarisenlomamokit.com\\\/?page_id=831#primaryimage\"},\"thumbnailUrl\":\"http:\\\/\\\/pakarisenlomamokit.com\\\/wp-content\\\/uploads\\\/2022\\\/05\\\/AJO-OHJE.gif\",\"datePublished\":\"2020-08-27T04:01:20+00:00\",\"dateModified\":\"2022-05-12T14:51:05+00:00\",\"breadcrumb\":{\"@id\":\"https:\\\/\\\/pakarisenlomamokit.com\\\/?page_id=831#breadcrumb\"},\"inLanguage\":\"fi\",\"potentialAction\":[{\"@type\":\"ReadAction\",\"target\":[\"https:\\\/\\\/pakarisenlomamokit.com\\\/?page_id=831\"]}]},{\"@type\":\"ImageObject\",\"inLanguage\":\"fi\",\"@id\":\"https:\\\/\\\/pakarisenlomamokit.com\\\/?page_id=831#primaryimage\",\"url\":\"http:\\\/\\\/pakarisenlomamokit.com\\\/wp-content\\\/uploads\\\/2022\\\/05\\\/AJO-OHJE.gif\",\"contentUrl\":\"http:\\\/\\\/pakarisenlomamokit.com\\\/wp-content\\\/uploads\\\/2022\\\/05\\\/AJO-OHJE.gif\"},{\"@type\":\"BreadcrumbList\",\"@id\":\"https:\\\/\\\/pakarisenlomamokit.com\\\/?page_id=831#breadcrumb\",\"itemListElement\":[{\"@type\":\"ListItem\",\"position\":1,\"name\":\"Etusivu\",\"item\":\"https:\\\/\\\/pakarisenlomamokit.com\\\/\"},{\"@type\":\"ListItem\",\"position\":2,\"name\":\"Ota yhteytt\u00e4\"}]},{\"@type\":\"WebSite\",\"@id\":\"https:\\\/\\\/pakarisenlomamokit.com\\\/#website\",\"url\":\"https:\\\/\\\/pakarisenlomamokit.com\\\/\",\"name\":\"Pakarisen lomam&ouml;kit\",\"description\":\"M&ouml;kkej&auml; Saimaan rannalla\",\"potentialAction\":[{\"@type\":\"SearchAction\",\"target\":{\"@type\":\"EntryPoint\",\"urlTemplate\":\"https:\\\/\\\/pakarisenlomamokit.com\\\/?s={search_term_string}\"},\"query-input\":{\"@type\":\"PropertyValueSpecification\",\"valueRequired\":true,\"valueName\":\"search_term_string\"}}],\"inLanguage\":\"fi\"}]}<\/script>\n<!-- \/ Yoast SEO plugin. -->","yoast_head_json":{"title":"Ota yhteytt\u00e4 - Pakarisen lomam&ouml;kit","robots":{"index":"index","follow":"follow","max-snippet":"max-snippet:-1","max-image-preview":"max-image-preview:large","max-video-preview":"max-video-preview:-1"},"canonical":"https:\/\/pakarisenlomamokit.com\/?page_id=831","og_locale":"fi_FI","og_type":"article","og_title":"Ota yhteytt\u00e4 - Pakarisen lomam&ouml;kit","og_description":"Ota yhteytt\u00e4 Pakarisen Lomam\u00f6kit\u00a0 Leivolantie 481\u00a0 58360 S\u00e4imen\u00a0 M\u00f6kkien 1-4 ja 7 varaukset numerosta 0500 222086, erkkipakarinen@luukku.com\u00a0 M\u00f6kkien 5 ja 6 varaukset numerosta 050 3367069, pakarik@gmail.com\u00a0","og_url":"https:\/\/pakarisenlomamokit.com\/?page_id=831","og_site_name":"Pakarisen lomam&ouml;kit","article_modified_time":"2022-05-12T14:51:05+00:00","og_image":[{"url":"http:\/\/pakarisenlomamokit.com\/wp-content\/uploads\/2022\/05\/AJO-OHJE.gif","type":"","width":"","height":""}],"twitter_card":"summary_large_image","twitter_misc":{"Arvioitu lukuaika":"1 minuutti"},"schema":{"@context":"https:\/\/schema.org","@graph":[{"@type":"WebPage","@id":"https:\/\/pakarisenlomamokit.com\/?page_id=831","url":"https:\/\/pakarisenlomamokit.com\/?page_id=831","name":"Ota yhteytt\u00e4 - Pakarisen lomam&ouml;kit","isPartOf":{"@id":"https:\/\/pakarisenlomamokit.com\/#website"},"primaryImageOfPage":{"@id":"https:\/\/pakarisenlomamokit.com\/?page_id=831#primaryimage"},"image":{"@id":"https:\/\/pakarisenlomamokit.com\/?page_id=831#primaryimage"},"thumbnailUrl":"http:\/\/pakarisenlomamokit.com\/wp-content\/uploads\/2022\/05\/AJO-OHJE.gif","datePublished":"2020-08-27T04:01:20+00:00","dateModified":"2022-05-12T14:51:05+00:00","breadcrumb":{"@id":"https:\/\/pakarisenlomamokit.com\/?page_id=831#breadcrumb"},"inLanguage":"fi","potentialAction":[{"@type":"ReadAction","target":["https:\/\/pakarisenlomamokit.com\/?page_id=831"]}]},{"@type":"ImageObject","inLanguage":"fi","@id":"https:\/\/pakarisenlomamokit.com\/?page_id=831#primaryimage","url":"http:\/\/pakarisenlomamokit.com\/wp-content\/uploads\/2022\/05\/AJO-OHJE.gif","contentUrl":"http:\/\/pakarisenlomamokit.com\/wp-content\/uploads\/2022\/05\/AJO-OHJE.gif"},{"@type":"BreadcrumbList","@id":"https:\/\/pakarisenlomamokit.com\/?page_id=831#breadcrumb","itemListElement":[{"@type":"ListItem","position":1,"name":"Etusivu","item":"https:\/\/pakarisenlomamokit.com\/"},{"@type":"ListItem","position":2,"name":"Ota yhteytt\u00e4"}]},{"@type":"WebSite","@id":"https:\/\/pakarisenlomamokit.com\/#website","url":"https:\/\/pakarisenlomamokit.com\/","name":"Pakarisen lomam&ouml;kit","description":"M&ouml;kkej&auml; Saimaan rannalla","potentialAction":[{"@type":"SearchAction","target":{"@type":"EntryPoint","urlTemplate":"https:\/\/pakarisenlomamokit.com\/?s={search_term_string}"},"query-input":{"@type":"PropertyValueSpecification","valueRequired":true,"valueName":"search_term_string"}}],"inLanguage":"fi"}]}},"lang":"fi","translations":{"fi":831,"en":1255},"pll_sync_post":[],"_links":{"self":[{"href":"https:\/\/pakarisenlomamokit.com\/index.php?rest_route=\/wp\/v2\/pages\/831","targetHints":{"allow":["GET"]}}],"collection":[{"href":"https:\/\/pakarisenlomamokit.com\/index.php?rest_route=\/wp\/v2\/pages"}],"about":[{"href":"https:\/\/pakarisenlomamokit.com\/index.php?rest_route=\/wp\/v2\/types\/page"}],"author":[{"embeddable":true,"href":"https:\/\/pakarisenlomamokit.com\/index.php?rest_route=\/wp\/v2\/users\/1"}],"replies":[{"embeddable":true,"href":"https:\/\/pakarisenlomamokit.com\/index.php?rest_route=%2Fwp%2Fv2%2Fcomments&post=831"}],"version-history":[{"count":11,"href":"https:\/\/pakarisenlomamokit.com\/index.php?rest_route=\/wp\/v2\/pages\/831\/revisions"}],"predecessor-version":[{"id":1322,"href":"https:\/\/pakarisenlomamokit.com\/index.php?rest_route=\/wp\/v2\/pages\/831\/revisions\/1322"}],"wp:attachment":[{"href":"https:\/\/pakarisenlomamokit.com\/index.php?rest_route=%2Fwp%2Fv2%2Fmedia&parent=831"}],"curies":[{"name":"wp","href":"https:\/\/api.w.org\/{rel}","templated":true}]}}